{"id":2894,"date":"2020-11-24T17:42:50","date_gmt":"2020-11-24T17:42:50","guid":{"rendered":"http:\/\/connect4global.com\/covid19\/"},"modified":"2020-11-26T22:28:45","modified_gmt":"2020-11-26T22:28:45","slug":"covid19","status":"publish","type":"page","link":"https:\/\/connect4global.com\/pt-pt\/covid19\/","title":{"rendered":"Covid19"},"content":{"rendered":"<p>[vc_row css=&#8221;.vc_custom_1606237849486{padding-top: 40px !important;}&#8221;][vc_column][vc_empty_space height=&#8221;100px&#8221; el_id=&#8221;connect&#8221;][vc_column_text css_animation=&#8221;fadeInUp&#8221; el_class=&#8221;dark&#8221;]<\/p>\n<p class=\"second_title\" style=\"text-align: center;\">\n            <strong>covid19<\/strong>\n          <\/p>\n<p>[\/vc_column_text][vc_empty_space height=&#8221;30px&#8221;][vc_row_inner][vc_column_inner width=&#8221;1\/6&#8243;][\/vc_column_inner][vc_column_inner width=&#8221;2\/3&#8243;][vc_column_text]A connect4global foi respons\u00e1vel pela compra de milh\u00f5es de unidades de equipamentos m\u00e9dico-hospitalares para o combate \u00e0 COVID-19, entre equipamentos de prote\u00e7\u00e3o individual, solu\u00e7\u00f5es de testes, equipamentos hospitalares, bem como, linhas de produ\u00e7\u00e3o industriais e mat\u00e9rias primas para o fabrico de equipamentos de prote\u00e7\u00e3o individual para usos hospitalar e social.[\/vc_column_text][\/vc_column_inner][vc_column_inner width=&#8221;1\/6&#8243;][\/vc_column_inner][\/vc_row_inner][vc_empty_space height=&#8221;30px&#8221;][vc_masonry_media_grid grid_id=&#8221;vc_gid:1606428894086-5f6f6c98-8489-0&#8243; include=&#8221;2716,2714,2712,2710,2708,2706,2704,2702,2700,2698&#8243; el_id=&#8221;connect_masonry&#8221;][vc_empty_space height=&#8221;100px&#8221;][vc_column_text el_class=&#8221;custom_link&#8221; css=&#8221;.vc_custom_1606240548051{padding-bottom: 30px !important;}&#8221;]<\/p>\n<p style=\"text-align: center; font-size: 18px;\">\n            <a href=\"http:\/\/connect4global.com\/#products\">voltar<\/a>\n          <\/p>\n<p>[\/vc_column_text][vc_icon color=&#8221;custom&#8221; size=&#8221;xs&#8221; align=&#8221;center&#8221; custom_color=&#8221;#ffffff&#8221;][\/vc_column][\/vc_row][vc_row css=&#8221;.vc_custom_1606168989300{background-color: #021a46 !important;}&#8221;][vc_column][vc_empty_space height=&#8221;30px&#8221;][vc_column_text css_animation=&#8221;fadeInUp&#8221; el_class=&#8221;light&#8221;]<\/p>\n<p class=\"second_title\" style=\"text-align: center;\">\n            <strong>onde estamos?<\/strong>\n          <\/p>\n<p>[\/vc_column_text][\/vc_column][\/vc_row]<\/p>\n","protected":false},"excerpt":{"rendered":"<p>[vc_row css=&#8221;.vc_custom_1606237849486{padding-top: 40px !important;}&#8221;][vc_column][vc_empty_space height=&#8221;100px&#8221; el_id=&#8221;connect&#8221;][vc_column_text css_animation=&#8221;fadeInUp&#8221; el_class=&#8221;dark&#8221;] covid19 [\/vc_column_text][vc_empty_space height=&#8221;30px&#8221;][vc_row_inner][vc_column_inner width=&#8221;1\/6&#8243;][\/vc_column_inner][vc_column_inner width=&#8221;2\/3&#8243;][vc_column_text]A connect4global foi respons\u00e1vel pela compra de milh\u00f5es de unidades de equipamentos m\u00e9dico-hospitalares para o combate \u00e0 COVID-19, entre equipamentos de prote\u00e7\u00e3o individual, solu\u00e7\u00f5es de testes, equipamentos hospitalares, bem como, linhas de produ\u00e7\u00e3o industriais e mat\u00e9rias primas para o fabrico de equipamentos de [&hellip;]<\/p>\n","protected":false},"author":1,"featured_media":0,"parent":0,"menu_order":0,"comment_status":"closed","ping_status":"closed","template":"","meta":[],"_links":{"self":[{"href":"https:\/\/connect4global.com\/pt-pt\/wp-json\/wp\/v2\/pages\/2894"}],"collection":[{"href":"https:\/\/connect4global.com\/pt-pt\/wp-json\/wp\/v2\/pages"}],"about":[{"href":"https:\/\/connect4global.com\/pt-pt\/wp-json\/wp\/v2\/types\/page"}],"author":[{"embeddable":true,"href":"https:\/\/connect4global.com\/pt-pt\/wp-json\/wp\/v2\/users\/1"}],"replies":[{"embeddable":true,"href":"https:\/\/connect4global.com\/pt-pt\/wp-json\/wp\/v2\/comments?post=2894"}],"version-history":[{"count":46,"href":"https:\/\/connect4global.com\/pt-pt\/wp-json\/wp\/v2\/pages\/2894\/revisions"}],"predecessor-version":[{"id":2959,"href":"https:\/\/connect4global.com\/pt-pt\/wp-json\/wp\/v2\/pages\/2894\/revisions\/2959"}],"wp:attachment":[{"href":"https:\/\/connect4global.com\/pt-pt\/wp-json\/wp\/v2\/media?parent=2894"}],"curies":[{"name":"wp","href":"https:\/\/api.w.org\/{rel}","templated":true}]}}