{"id":2880,"date":"2020-11-24T17:42:04","date_gmt":"2020-11-24T17:42:04","guid":{"rendered":"http:\/\/connect4global.com\/protecao-seguranca\/"},"modified":"2020-11-26T22:33:45","modified_gmt":"2020-11-26T22:33:45","slug":"protecao-seguranca","status":"publish","type":"page","link":"https:\/\/connect4global.com\/pt-pt\/protecao-seguranca\/","title":{"rendered":"prote\u00e7\u00e3o &amp; seguran\u00e7a"},"content":{"rendered":"<p>[vc_row css=&#8221;.vc_custom_1606237863554{padding-top: 40px !important;}&#8221;][vc_column][vc_empty_space height=&#8221;100px&#8221; el_id=&#8221;connect&#8221;][vc_column_text css_animation=&#8221;fadeInUp&#8221; el_class=&#8221;dark&#8221;]<\/p>\n<p class=\"master_para\" style=\"text-align: center\">\n            <strong>prote\u00e7\u00e3o &amp; seguran\u00e7a<\/strong>\n          <\/p>\n<p>[\/vc_column_text][vc_empty_space height=&#8221;30px&#8221;][vc_row_inner][vc_column_inner width=&#8221;1\/6&#8243;][\/vc_column_inner][vc_column_inner width=&#8221;2\/3&#8243;][vc_column_text]<\/p>\n<p class=\"normal_para\" style=\"text-align: left\">A <strong>connect4global<\/strong> \u00e9 especializada em consultoria para projetos de prote\u00e7\u00e3o &amp; seguran\u00e7a, considerando procura, design, desenvolvimento, implementa\u00e7\u00e3o e gest\u00e3o da produ\u00e7\u00e3o.<\/p>\n<p class=\"normal_para\" style=\"text-align: left\">Fornecemos uma ampla e inovadora gama de equipamentos de prote\u00e7\u00e3o e seguran\u00e7a para diferentes sectores, como For\u00e7as de Seguran\u00e7a, Bombeiros, Avia\u00e7\u00e3o Civil, Aeroportos, Equipas de Busca e Resgate, etc.<\/p>\n<p class=\"normal_para\" style=\"text-align: left\">Somos especialistas em desenvolver os melhores produtos de acordo com as necessidades dos nossos clientes, com a mais recente tecnologia do mercado.<\/p>\n<p>[\/vc_column_text][\/vc_column_inner][vc_column_inner width=&#8221;1\/6&#8243;][\/vc_column_inner][\/vc_row_inner][vc_empty_space height=&#8221;30px&#8221;][vc_masonry_media_grid grid_id=&#8221;vc_gid:1606241198405-12ee8e12-c155-8&#8243; include=&#8221;2735,2737,2739,2741,2743,2745,2747,2749,2751,2753,2755,2757,2759,2761,2763,2765,2767,2769,2771,2773,2775,2777,2779,2783&#8243; el_id=&#8221;connect_masonry&#8221;][vc_empty_space height=&#8221;100px&#8221;][vc_column_text css=&#8221;.vc_custom_1606240627396{padding-bottom: 30px !important;}&#8221;]<\/p>\n<p style=\"text-align: center;font-size: 18px\">\n            <a href=\"http:\/\/connect4global.com\/#products\">voltar<\/a>\n          <\/p>\n<p>[\/vc_column_text][vc_icon icon_fontawesome=&#8221;fas fa-angle-up&#8221; color=&#8221;custom&#8221; background_style=&#8221;rounded&#8221; align=&#8221;center&#8221; custom_color=&#8221;#ffffff&#8221;][\/vc_column][\/vc_row][vc_row css=&#8221;.vc_custom_1606168989300{background-color: #021a46 !important;}&#8221;][vc_column][vc_empty_space height=&#8221;30px&#8221;][vc_column_text css_animation=&#8221;fadeInUp&#8221; el_class=&#8221;light&#8221;]<\/p>\n<p class=\"second_title\" style=\"text-align: center\">\n            <strong>onde estamos?<\/strong>\n          <\/p>\n<p>[\/vc_column_text][\/vc_column][\/vc_row]<\/p>\n","protected":false},"excerpt":{"rendered":"<p>[vc_row css=&#8221;.vc_custom_1606237863554{padding-top: 40px !important;}&#8221;][vc_column][vc_empty_space height=&#8221;100px&#8221; el_id=&#8221;connect&#8221;][vc_column_text css_animation=&#8221;fadeInUp&#8221; el_class=&#8221;dark&#8221;] prote\u00e7\u00e3o &amp; seguran\u00e7a [\/vc_column_text][vc_empty_space height=&#8221;30px&#8221;][vc_row_inner][vc_column_inner width=&#8221;1\/6&#8243;][\/vc_column_inner][vc_column_inner width=&#8221;2\/3&#8243;][vc_column_text] A connect4global \u00e9 especializada em consultoria para projetos de prote\u00e7\u00e3o &amp; seguran\u00e7a, considerando procura, design, desenvolvimento, implementa\u00e7\u00e3o e gest\u00e3o da produ\u00e7\u00e3o. Fornecemos uma ampla e inovadora gama de equipamentos de prote\u00e7\u00e3o e seguran\u00e7a para diferentes sectores, como For\u00e7as de Seguran\u00e7a, [&hellip;]<\/p>\n","protected":false},"author":1,"featured_media":0,"parent":0,"menu_order":0,"comment_status":"closed","ping_status":"closed","template":"","meta":[],"_links":{"self":[{"href":"https:\/\/connect4global.com\/pt-pt\/wp-json\/wp\/v2\/pages\/2880"}],"collection":[{"href":"https:\/\/connect4global.com\/pt-pt\/wp-json\/wp\/v2\/pages"}],"about":[{"href":"https:\/\/connect4global.com\/pt-pt\/wp-json\/wp\/v2\/types\/page"}],"author":[{"embeddable":true,"href":"https:\/\/connect4global.com\/pt-pt\/wp-json\/wp\/v2\/users\/1"}],"replies":[{"embeddable":true,"href":"https:\/\/connect4global.com\/pt-pt\/wp-json\/wp\/v2\/comments?post=2880"}],"version-history":[{"count":35,"href":"https:\/\/connect4global.com\/pt-pt\/wp-json\/wp\/v2\/pages\/2880\/revisions"}],"predecessor-version":[{"id":2970,"href":"https:\/\/connect4global.com\/pt-pt\/wp-json\/wp\/v2\/pages\/2880\/revisions\/2970"}],"wp:attachment":[{"href":"https:\/\/connect4global.com\/pt-pt\/wp-json\/wp\/v2\/media?parent=2880"}],"curies":[{"name":"wp","href":"https:\/\/api.w.org\/{rel}","templated":true}]}}